{"id":1079,"date":"2015-07-29T13:44:44","date_gmt":"2015-07-29T13:44:44","guid":{"rendered":"https:\/\/blockart-agency.sites.qsandbox.com\/?page_id=4"},"modified":"2025-12-02T21:54:53","modified_gmt":"2025-12-02T20:54:53","slug":"agencja-marketingowa-marek-premium","status":"publish","type":"page","link":"https:\/\/fancyinfluagency.pl\/","title":{"rendered":"MARKETING MAREK PREMIUM"},"content":{"rendered":"\n<div class=\"blockart-section blockart-section-3274e693\"><div class=\"blockart-container\"><div class=\"blockart-section-inner\">\n<div class=\"blockart-column blockart-column-5c451749\"><div class=\"blockart-column-inner\">\n<h1 class=\"blockart-heading blockart-heading-715dd37b\">FANCY AGENCY<\/h1>\n\n\n\n<p class=\"blockart-paragraph blockart-paragraph-1ad4af93\">Nasza butikowa agencja dzia\u0142a na polskim na rynku od ponad 15 lat.<br><br>Specjalizujemy si\u0119 we wdra\u017caniu kompleksowych strategii marketingowych dla produkt\u00f3w i us\u0142ug najwy\u017cszej jako\u015bci.<br><br>Naszym Klientom oferujemy szyte na miar\u0119 us\u0142ugi takie jak:<br><br><strong>BRANDING &#8211; PR &#8211; UGC &#8211;  SOME &#8211; INFLUENCER MARKETING <\/strong><\/p>\n\n\n\n<div class=\"blockart-buttons blockart-buttons-cc6ab35a is-wrap\">\n<div class=\"blockart-button blockart-button-73e2d9d7 \"><a class=\"blockart-button-link is-medium is-style-filled\" href=\"https:\/\/www.survio.com\/survey\/d\/X6F0A1D9B4K8J4P6P\" target=\"_blank\" rel=\"noopener\">ROZPOCZNIJ WSP\u00d3\u0141PRAC\u0118<\/a><\/div>\n<\/div>\n<\/div><\/div>\n\n\n\n<div class=\"blockart-column blockart-column-717e808b\"><div class=\"blockart-column-inner\">\n<figure class=\"blockart-image blockart-image-6f3ae846\"><img loading=\"lazy\" decoding=\"async\" class=\"wp-image-1169 hover-effect-static filter-none mask mask-none\" src=\"https:\/\/fancyinfluagency.pl\/wp-content\/uploads\/2024\/11\/fancy-agency.jpg\" alt=\"marketing marek luksusowych\" height=\"1080\" width=\"1080\" srcset=\"https:\/\/fancyinfluagency.pl\/wp-content\/uploads\/2024\/11\/fancy-agency.jpg 1080w, https:\/\/fancyinfluagency.pl\/wp-content\/uploads\/2024\/11\/fancy-agency-300x300.jpg 300w, https:\/\/fancyinfluagency.pl\/wp-content\/uploads\/2024\/11\/fancy-agency-1024x1024.jpg 1024w, https:\/\/fancyinfluagency.pl\/wp-content\/uploads\/2024\/11\/fancy-agency-150x150.jpg 150w, https:\/\/fancyinfluagency.pl\/wp-content\/uploads\/2024\/11\/fancy-agency-768x768.jpg 768w\" sizes=\"auto, (max-width: 1080px) 100vw, 1080px\" \/><\/figure>\n<\/div><\/div>\n<\/div><\/div><\/div>\n\n\n\n<div class=\"blockart-section blockart-section-ca3b7b9f\"><div class=\"blockart-container-fluid\"><div class=\"blockart-section-inner\">\n<div class=\"blockart-column blockart-column-5fa93e18\"><div class=\"blockart-column-inner\">\n<figure class=\"blockart-image blockart-image-f8461aa0\"><img loading=\"lazy\" decoding=\"async\" class=\"wp-image-81 hover-effect-static filter-none mask mask-none\" src=\"https:\/\/fancyinfluagency.pl\/wp-content\/uploads\/2021\/12\/icon-research.png\" alt=\"\" height=\"64\" width=\"65\"\/><\/figure>\n\n\n\n<h2 class=\"blockart-heading blockart-heading-12f0ef49\">RESEARCH<\/h2>\n<\/div><\/div>\n\n\n\n<div class=\"blockart-column blockart-column-4eff3299\"><div class=\"blockart-column-inner\">\n<figure class=\"blockart-image blockart-image-9a37870e\"><img loading=\"lazy\" decoding=\"async\" class=\"wp-image-85 hover-effect-static filter-none mask mask-none\" src=\"https:\/\/fancyinfluagency.pl\/wp-content\/uploads\/2021\/12\/icon-idea.png\" alt=\"\" height=\"65\" width=\"64\"\/><\/figure>\n\n\n\n<h2 class=\"blockart-heading blockart-heading-2276db7c\">STRATEGIA<\/h2>\n<\/div><\/div>\n\n\n\n<div class=\"blockart-column blockart-column-e090615f\"><div class=\"blockart-column-inner\">\n<figure class=\"blockart-image blockart-image-1db335ff\"><img loading=\"lazy\" decoding=\"async\" class=\"wp-image-400 hover-effect-static filter-none mask mask-none\" src=\"https:\/\/fancyinfluagency.pl\/wp-content\/uploads\/2021\/12\/icon-experts.png\" alt=\"\" height=\"64\" width=\"64\"\/><\/figure>\n\n\n\n<h2 class=\"blockart-heading blockart-heading-e868582c\">UGC<\/h2>\n<\/div><\/div>\n\n\n\n<div class=\"blockart-column blockart-column-71394df3\"><div class=\"blockart-column-inner\">\n<figure class=\"blockart-image blockart-image-1460ab37\"><img loading=\"lazy\" decoding=\"async\" class=\"wp-image-82 hover-effect-static filter-none mask mask-none\" src=\"https:\/\/fancyinfluagency.pl\/wp-content\/uploads\/2021\/12\/icon-seo-friendly.png\" alt=\"\" height=\"66\" width=\"64\"\/><\/figure>\n\n\n\n<h2 class=\"blockart-heading blockart-heading-e08baca8\">GOOGLE ADS<\/h2>\n<\/div><\/div>\n\n\n\n<div class=\"blockart-column blockart-column-8c1f2a27\"><div class=\"blockart-column-inner\">\n<figure class=\"blockart-image blockart-image-fe57d899\"><img loading=\"lazy\" decoding=\"async\" class=\"wp-image-84 hover-effect-static filter-none mask mask-none\" src=\"https:\/\/fancyinfluagency.pl\/wp-content\/uploads\/2021\/12\/icon-design.png\" alt=\"\" height=\"64\" width=\"67\"\/><\/figure>\n\n\n\n<h2 class=\"blockart-heading blockart-heading-e126d413\">COPYWRITING<\/h2>\n<\/div><\/div>\n\n\n\n<div class=\"blockart-column blockart-column-b9af5683\"><div class=\"blockart-column-inner\">\n<figure class=\"blockart-image blockart-image-1886d445\"><img loading=\"lazy\" decoding=\"async\" class=\"wp-image-399 hover-effect-static filter-none mask mask-none\" src=\"https:\/\/fancyinfluagency.pl\/wp-content\/uploads\/2021\/12\/icon-experience.png\" alt=\"\" height=\"64\" width=\"64\"\/><\/figure>\n\n\n\n<h2 class=\"blockart-heading blockart-heading-caca05f3\">META<\/h2>\n<\/div><\/div>\n<\/div><\/div><\/div>\n\n\n\n<div class=\"blockart-section blockart-section-2636e827\"><div class=\"blockart-container\"><div class=\"blockart-section-inner\">\n<div class=\"blockart-column blockart-column-c8fa061e\"><div class=\"blockart-column-inner\">\n<figure class=\"blockart-image blockart-image-22183819\"><img loading=\"lazy\" decoding=\"async\" class=\"wp-image-1175 hover-effect-static filter-none mask mask-none\" src=\"https:\/\/fancyinfluagency.pl\/wp-content\/uploads\/2024\/11\/monika_rr-scaled.jpg\" alt=\"\" height=\"2560\" width=\"1920\" srcset=\"https:\/\/fancyinfluagency.pl\/wp-content\/uploads\/2024\/11\/monika_rr-scaled.jpg 1920w, https:\/\/fancyinfluagency.pl\/wp-content\/uploads\/2024\/11\/monika_rr-225x300.jpg 225w, https:\/\/fancyinfluagency.pl\/wp-content\/uploads\/2024\/11\/monika_rr-768x1024.jpg 768w, https:\/\/fancyinfluagency.pl\/wp-content\/uploads\/2024\/11\/monika_rr-1152x1536.jpg 1152w, https:\/\/fancyinfluagency.pl\/wp-content\/uploads\/2024\/11\/monika_rr-1536x2048.jpg 1536w\" sizes=\"auto, (max-width: 1920px) 100vw, 1920px\" \/><\/figure>\n<\/div><\/div>\n\n\n\n<div class=\"blockart-column blockart-column-0d62a340\"><div class=\"blockart-column-inner\">\n<h2 class=\"blockart-heading blockart-heading-f75800de\">Monika Kosowska<br>CEO<\/h2>\n\n\n\n<p class=\"blockart-paragraph blockart-paragraph-e936900e\"><strong>Z pasji do marketingu i budowania znacz\u0105cych po\u0142\u0105cze\u0144.<\/strong><br><br>Wierz\u0119 w transformacyjn\u0105 moc\u00a0<strong>storytellingu<\/strong>, kt\u00f3ry nie tylko przyci\u0105ga uwag\u0119,\u00a0ale przede wszystkim\u00a0<strong>tworzy g\u0142\u0119bokie emocjonalne wi\u0119zi<\/strong>. Moim celem jest\u00a0<strong>kreowanie niezapomnianych do\u015bwiadcze\u0144<\/strong>,\u00a0kt\u00f3re przenosz\u0105 klient\u00f3w w \u015bwiat marki, oraz\u00a0<strong>budowanie autentycznych, d\u0142ugotrwa\u0142ych relacji<\/strong>\u00a0mi\u0119dzy firm\u0105 a jej wyrafinowan\u0105, \u015bwiadom\u0105 klientel\u0105. Skupiam si\u0119 na tym, aby\u00a0<strong>ka\u017cdy punkt styku klienta z mark\u0105 by\u0142 przemy\u015blany i budowa\u0142 warto\u015b\u0107<\/strong>, od pierwszego wra\u017cenia po d\u0142ugoterminowe partnerstwo.<br><br>W mojej butikowej agencji stawiam na\u00a0<strong>indywidualne podej\u015bcie do ka\u017cdego projektu<\/strong>. Ka\u017cde wyzwanie to dla mnie okazja do stworzenia\u00a0<strong>kompleksowej, dopasowanej strategii marketingowej<\/strong>, kt\u00f3ra w pe\u0142ni odzwierciedla\u00a0<strong>niepowtarzalny charakter i unikaln\u0105 ofert\u0119<\/strong>\u00a0marek, z kt\u00f3rymi wsp\u00f3\u0142pracuj\u0119. <br><br>Nie interesuj\u0105 nas schematy \u2013 tworzymy rozwi\u0105zania, kt\u00f3re nie tylko skutecznie komunikuj\u0105 warto\u015b\u0107, ale przede wszystkim\u00a0<strong>kszta\u0142tuj\u0105 po\u017c\u0105dane do\u015bwiadczenie marki<\/strong>, buduj\u0105c lojalno\u015b\u0107 u Klient\u00f3w i pozytywny wizerunek na lata.<\/p>\n<\/div><\/div>\n<\/div><\/div><\/div>\n\n\n\n<div class=\"blockart-section blockart-section-5b24aee6\"><div class=\"blockart-container\"><div class=\"blockart-section-inner\">\n<div class=\"blockart-column blockart-column-8ebf07e9\"><div class=\"blockart-column-inner\"><\/div><\/div>\n\n\n\n<div class=\"blockart-column blockart-column-01125634\"><div class=\"blockart-column-inner\">\n<h2 class=\"blockart-heading blockart-heading-25386736\">TOP INFLUENCERS<\/h2>\n\n\n\n<p class=\"blockart-paragraph blockart-paragraph-6d68128a\">Marketing marek luksusowych oparty o wsp\u00f3\u0142prac\u0119 ze starannie wyselekcjonowanymi content creatorami.<\/p>\n<\/div><\/div>\n\n\n\n<div class=\"blockart-column blockart-column-86501f87\"><div class=\"blockart-column-inner\"><\/div><\/div>\n<\/div><\/div><\/div>\n\n\n\n<div class=\"blockart-section blockart-section-04c7a3e4\"><div class=\"blockart-container\"><div class=\"blockart-section-inner\">\n<div class=\"blockart-column blockart-column-ebfaffd6\"><div class=\"blockart-column-inner\"><\/div><\/div>\n\n\n\n<div class=\"blockart-column blockart-column-6fe8689a\"><div class=\"blockart-column-inner\">\n<h2 class=\"blockart-heading blockart-heading-01787a42\">Promuj z nami swoj\u0105 mark\u0119 osobist\u0105<\/h2>\n\n\n\n<p class=\"blockart-paragraph blockart-paragraph-77e0d6bc\">Jako agencja marketingu marek premium prowadzimy sta\u0142y nab\u00f3r influencer\u00f3w do wsp\u00f3\u0142prac reklamowych.<br>Zosta\u0144 cz\u0119\u015bci\u0105 naszego zespo\u0142u ju\u017c dzisiaj!<\/p>\n<\/div><\/div>\n\n\n\n<div class=\"blockart-column blockart-column-6eb0e4d6\"><div class=\"blockart-column-inner\"><\/div><\/div>\n<\/div><\/div><\/div>\n\n\n\n<div class=\"blockart-section blockart-section-d125d5f9\"><div class=\"blockart-container-fluid\"><div class=\"blockart-section-inner\">\n<div class=\"blockart-column blockart-column-a85bf22f\"><div class=\"blockart-column-inner\"><\/div><\/div>\n\n\n\n<div class=\"blockart-column blockart-column-0e1f7934\"><div class=\"blockart-column-inner\"><\/div><\/div>\n\n\n\n<div class=\"blockart-column blockart-column-a2530a89\"><div class=\"blockart-column-inner\"><\/div><\/div>\n\n\n\n<div class=\"blockart-column blockart-column-c6665ee7\"><div class=\"blockart-column-inner\"><\/div><\/div>\n<\/div><\/div><\/div>\n\n\n\n<div class=\"blockart-section blockart-section-7adcb576\"><div class=\"blockart-container\"><div class=\"blockart-section-inner\">\n<div class=\"blockart-column blockart-column-c3386c65\"><div class=\"blockart-column-inner\">\n<h2 class=\"blockart-heading blockart-heading-1a876ffe\">BEGGINER<\/h2>\n\n\n\n<p class=\"blockart-paragraph blockart-paragraph-33c83007\">1<strong>99<\/strong>z\u0142*<\/p>\n\n\n\n<p class=\"blockart-paragraph blockart-paragraph-1c772c3e\">>999 follow<\/p>\n\n\n\n<p class=\"blockart-paragraph blockart-paragraph-7bc59668\">1 kana\u0142 SM<\/p>\n\n\n\n<p class=\"blockart-paragraph blockart-paragraph-f55ef4ec\">portfolio off-line<\/p>\n\n\n\n<p class=\"blockart-paragraph blockart-paragraph-8e0504a1\"> e-mail standard<\/p>\n\n\n\n<p class=\"blockart-paragraph blockart-paragraph-41f5c930\">baza ofertowa<\/p>\n\n\n\n\n\n\n\n<div class=\"blockart-buttons blockart-buttons-7c069a12 is-wrap\">\n<div class=\"blockart-button blockart-button-64d1a867 \"><a class=\"blockart-button-link is-medium is-style-filled\" href=\"https:\/\/www.survio.com\/survey\/d\/X6F0A1D9B4K8J4P6P\" target=\"_blank\" rel=\"noopener\">WYBIERAM<\/a><\/div>\n<\/div>\n<\/div><\/div>\n\n\n\n<div class=\"blockart-column blockart-column-96b9bb43\"><div class=\"blockart-column-inner\">\n<h2 class=\"blockart-heading blockart-heading-5d5a0150\">MID<\/h2>\n\n\n\n<p class=\"blockart-paragraph blockart-paragraph-e3d50522\"><strong><strong>399<\/strong><\/strong>z\u0142*<\/p>\n\n\n\n<p class=\"blockart-paragraph blockart-paragraph-4064de70\">>4999 follow<\/p>\n\n\n\n<p class=\"blockart-paragraph blockart-paragraph-c5515988\">2 kana\u0142y SM<\/p>\n\n\n\n<p class=\"blockart-paragraph blockart-paragraph-5fd2ae6a\">portfolio on-line<\/p>\n\n\n\n<p class=\"blockart-paragraph blockart-paragraph-8cf2e83f\">e-mail <\/p>\n\n\n\n<p class=\"blockart-paragraph blockart-paragraph-8e2edc47\">baza ofertowa<\/p>\n\n\n\n<p class=\"blockart-paragraph blockart-paragraph-7dc789c0\">1 edycja danych<\/p>\n\n\n\n\n\n<div class=\"blockart-buttons blockart-buttons-9a4e45eb is-wrap\">\n<div class=\"blockart-button blockart-button-deb96322 \"><a class=\"blockart-button-link is-medium is-style-filled\" href=\"https:\/\/www.survio.com\/survey\/d\/X6F0A1D9B4K8J4P6P\" target=\"_blank\" rel=\"noopener\">WYBIERAM<\/a><\/div>\n<\/div>\n<\/div><\/div>\n\n\n\n<div class=\"blockart-column blockart-column-84688c5f\"><div class=\"blockart-column-inner\">\n<h2 class=\"blockart-heading blockart-heading-00b93203\">PROFI<\/h2>\n\n\n\n<p class=\"blockart-paragraph blockart-paragraph-06baef1f\"><strong><strong>59<\/strong><\/strong>9z\u0142*<\/p>\n\n\n\n<p class=\"blockart-paragraph blockart-paragraph-836a1c36\">>9999 follow<\/p>\n\n\n\n<p class=\"blockart-paragraph blockart-paragraph-686b4a3c\">3 kana\u0142y SM<\/p>\n\n\n\n<p class=\"blockart-paragraph blockart-paragraph-5abacf52\">portfolio webpage<\/p>\n\n\n\n<p class=\"blockart-paragraph blockart-paragraph-2aa5905a\">opieka agenta<\/p>\n\n\n\n<p class=\"blockart-paragraph blockart-paragraph-b730b9be\">1 reklama w SM<\/p>\n\n\n\n<p class=\"blockart-paragraph blockart-paragraph-bd1f27cc\">baza ofertowa<\/p>\n\n\n\n<p class=\"blockart-paragraph blockart-paragraph-28667c48\">edycja danych<\/p>\n\n\n\n<div class=\"blockart-buttons blockart-buttons-21e50a7e is-wrap\">\n<div class=\"blockart-button blockart-button-57d62c5e \"><a class=\"blockart-button-link is-medium is-style-filled\" href=\"https:\/\/www.survio.com\/survey\/d\/X6F0A1D9B4K8J4P6P\" target=\"_blank\" rel=\"noopener\">WYBIERAM<\/a><\/div>\n<\/div>\n<\/div><\/div>\n<\/div><\/div><\/div>\n\n\n\n<p><\/p>\n","protected":false},"excerpt":{"rendered":"","protected":false},"author":1,"featured_media":1135,"parent":0,"menu_order":0,"comment_status":"open","ping_status":"open","template":"page-templates\/pagebuilder.php","meta":{"zakra_page_container_layout":"stretched","zakra_page_sidebar_layout":"no_sidebar","zakra_remove_content_margin":true,"zakra_sidebar":"customizer","zakra_transparent_header":"customizer","zakra_logo":0,"zakra_main_header_style":"default","zakra_menu_item_color":"","zakra_menu_item_hover_color":"#000000","zakra_menu_item_active_color":"#002745","zakra_menu_active_style":"style-1","zakra_page_header":false,"footnotes":""},"class_list":["post-1079","page","type-page","status-publish","has-post-thumbnail","hentry"],"yoast_head":"<!-- This site is optimized with the Yoast SEO plugin v27.4 - https:\/\/yoast.com\/product\/yoast-seo-wordpress\/ -->\n<title>MARKETING MAREK PREMIUM - FANCY AGENCY<\/title>\n<meta name=\"description\" content=\"Butikowa agencja marketingowa specjalizuj\u0105ca si\u0119 w promocji marek i us\u0142ug premium BRANDING - PR - INFLUENCER MARKETING\" \/>\n<meta name=\"robots\" content=\"index, follow, max-snippet:-1, max-image-preview:large, max-video-preview:-1\" \/>\n<link rel=\"canonical\" href=\"https:\/\/fancyinfluagency.pl\/\" \/>\n<meta property=\"og:locale\" content=\"pl_PL\" \/>\n<meta property=\"og:type\" content=\"article\" \/>\n<meta property=\"og:title\" content=\"MARKETING MAREK PREMIUM - FANCY AGENCY\" \/>\n<meta property=\"og:description\" content=\"Butikowa agencja marketingowa specjalizuj\u0105ca si\u0119 w promocji marek i us\u0142ug premium BRANDING - PR - INFLUENCER MARKETING\" \/>\n<meta property=\"og:url\" content=\"https:\/\/fancyinfluagency.pl\/\" \/>\n<meta property=\"og:site_name\" content=\"FANCY AGENCY\" \/>\n<meta property=\"article:modified_time\" content=\"2025-12-02T20:54:53+00:00\" \/>\n<meta property=\"og:image\" content=\"https:\/\/fancyinfluagency.pl\/wp-content\/uploads\/2024\/07\/FLL-avatar.png\" \/>\n\t<meta property=\"og:image:width\" content=\"500\" \/>\n\t<meta property=\"og:image:height\" content=\"500\" \/>\n\t<meta property=\"og:image:type\" content=\"image\/png\" \/>\n<meta name=\"twitter:card\" content=\"summary_large_image\" \/>\n<meta name=\"twitter:label1\" content=\"Szacowany czas czytania\" \/>\n\t<meta name=\"twitter:data1\" content=\"4 minuty\" \/>\n<script type=\"application\/ld+json\" class=\"yoast-schema-graph\">{\"@context\":\"https:\\\/\\\/schema.org\",\"@graph\":[{\"@type\":\"WebPage\",\"@id\":\"https:\\\/\\\/fancyinfluagency.pl\\\/\",\"url\":\"https:\\\/\\\/fancyinfluagency.pl\\\/\",\"name\":\"MARKETING MAREK PREMIUM - FANCY AGENCY\",\"isPartOf\":{\"@id\":\"https:\\\/\\\/fancyinfluagency.pl\\\/#website\"},\"primaryImageOfPage\":{\"@id\":\"https:\\\/\\\/fancyinfluagency.pl\\\/#primaryimage\"},\"image\":{\"@id\":\"https:\\\/\\\/fancyinfluagency.pl\\\/#primaryimage\"},\"thumbnailUrl\":\"https:\\\/\\\/fancyinfluagency.pl\\\/wp-content\\\/uploads\\\/2024\\\/07\\\/FLL-avatar.png\",\"datePublished\":\"2015-07-29T13:44:44+00:00\",\"dateModified\":\"2025-12-02T20:54:53+00:00\",\"description\":\"Butikowa agencja marketingowa specjalizuj\u0105ca si\u0119 w promocji marek i us\u0142ug premium BRANDING - PR - INFLUENCER MARKETING\",\"breadcrumb\":{\"@id\":\"https:\\\/\\\/fancyinfluagency.pl\\\/#breadcrumb\"},\"inLanguage\":\"pl-PL\",\"potentialAction\":[{\"@type\":\"ReadAction\",\"target\":[\"https:\\\/\\\/fancyinfluagency.pl\\\/\"]}]},{\"@type\":\"ImageObject\",\"inLanguage\":\"pl-PL\",\"@id\":\"https:\\\/\\\/fancyinfluagency.pl\\\/#primaryimage\",\"url\":\"https:\\\/\\\/fancyinfluagency.pl\\\/wp-content\\\/uploads\\\/2024\\\/07\\\/FLL-avatar.png\",\"contentUrl\":\"https:\\\/\\\/fancyinfluagency.pl\\\/wp-content\\\/uploads\\\/2024\\\/07\\\/FLL-avatar.png\",\"width\":500,\"height\":500},{\"@type\":\"BreadcrumbList\",\"@id\":\"https:\\\/\\\/fancyinfluagency.pl\\\/#breadcrumb\",\"itemListElement\":[{\"@type\":\"ListItem\",\"position\":1,\"name\":\"Strona g\u0142\u00f3wna\",\"item\":\"https:\\\/\\\/fancyinfluagency.pl\\\/\"},{\"@type\":\"ListItem\",\"position\":2,\"name\":\"MARKETING MAREK PREMIUM\"}]},{\"@type\":\"WebSite\",\"@id\":\"https:\\\/\\\/fancyinfluagency.pl\\\/#website\",\"url\":\"https:\\\/\\\/fancyinfluagency.pl\\\/\",\"name\":\"FANCY AGENCY\",\"description\":\"marketing marek premium\",\"publisher\":{\"@id\":\"https:\\\/\\\/fancyinfluagency.pl\\\/#organization\"},\"potentialAction\":[{\"@type\":\"SearchAction\",\"target\":{\"@type\":\"EntryPoint\",\"urlTemplate\":\"https:\\\/\\\/fancyinfluagency.pl\\\/?s={search_term_string}\"},\"query-input\":{\"@type\":\"PropertyValueSpecification\",\"valueRequired\":true,\"valueName\":\"search_term_string\"}}],\"inLanguage\":\"pl-PL\"},{\"@type\":\"Organization\",\"@id\":\"https:\\\/\\\/fancyinfluagency.pl\\\/#organization\",\"name\":\"FANCY AGENCY\",\"url\":\"https:\\\/\\\/fancyinfluagency.pl\\\/\",\"logo\":{\"@type\":\"ImageObject\",\"inLanguage\":\"pl-PL\",\"@id\":\"https:\\\/\\\/fancyinfluagency.pl\\\/#\\\/schema\\\/logo\\\/image\\\/\",\"url\":\"https:\\\/\\\/fancyinfluagency.pl\\\/wp-content\\\/uploads\\\/2025\\\/12\\\/cropped-cropped-Fancy-logo-4.png\",\"contentUrl\":\"https:\\\/\\\/fancyinfluagency.pl\\\/wp-content\\\/uploads\\\/2025\\\/12\\\/cropped-cropped-Fancy-logo-4.png\",\"width\":330,\"height\":112,\"caption\":\"FANCY AGENCY\"},\"image\":{\"@id\":\"https:\\\/\\\/fancyinfluagency.pl\\\/#\\\/schema\\\/logo\\\/image\\\/\"}}]}<\/script>\n<!-- \/ Yoast SEO plugin. -->","yoast_head_json":{"title":"MARKETING MAREK PREMIUM - FANCY AGENCY","description":"Butikowa agencja marketingowa specjalizuj\u0105ca si\u0119 w promocji marek i us\u0142ug premium BRANDING - PR - INFLUENCER MARKETING","robots":{"index":"index","follow":"follow","max-snippet":"max-snippet:-1","max-image-preview":"max-image-preview:large","max-video-preview":"max-video-preview:-1"},"canonical":"https:\/\/fancyinfluagency.pl\/","og_locale":"pl_PL","og_type":"article","og_title":"MARKETING MAREK PREMIUM - FANCY AGENCY","og_description":"Butikowa agencja marketingowa specjalizuj\u0105ca si\u0119 w promocji marek i us\u0142ug premium BRANDING - PR - INFLUENCER MARKETING","og_url":"https:\/\/fancyinfluagency.pl\/","og_site_name":"FANCY AGENCY","article_modified_time":"2025-12-02T20:54:53+00:00","og_image":[{"width":500,"height":500,"url":"https:\/\/fancyinfluagency.pl\/wp-content\/uploads\/2024\/07\/FLL-avatar.png","type":"image\/png"}],"twitter_card":"summary_large_image","twitter_misc":{"Szacowany czas czytania":"4 minuty"},"schema":{"@context":"https:\/\/schema.org","@graph":[{"@type":"WebPage","@id":"https:\/\/fancyinfluagency.pl\/","url":"https:\/\/fancyinfluagency.pl\/","name":"MARKETING MAREK PREMIUM - FANCY AGENCY","isPartOf":{"@id":"https:\/\/fancyinfluagency.pl\/#website"},"primaryImageOfPage":{"@id":"https:\/\/fancyinfluagency.pl\/#primaryimage"},"image":{"@id":"https:\/\/fancyinfluagency.pl\/#primaryimage"},"thumbnailUrl":"https:\/\/fancyinfluagency.pl\/wp-content\/uploads\/2024\/07\/FLL-avatar.png","datePublished":"2015-07-29T13:44:44+00:00","dateModified":"2025-12-02T20:54:53+00:00","description":"Butikowa agencja marketingowa specjalizuj\u0105ca si\u0119 w promocji marek i us\u0142ug premium BRANDING - PR - INFLUENCER MARKETING","breadcrumb":{"@id":"https:\/\/fancyinfluagency.pl\/#breadcrumb"},"inLanguage":"pl-PL","potentialAction":[{"@type":"ReadAction","target":["https:\/\/fancyinfluagency.pl\/"]}]},{"@type":"ImageObject","inLanguage":"pl-PL","@id":"https:\/\/fancyinfluagency.pl\/#primaryimage","url":"https:\/\/fancyinfluagency.pl\/wp-content\/uploads\/2024\/07\/FLL-avatar.png","contentUrl":"https:\/\/fancyinfluagency.pl\/wp-content\/uploads\/2024\/07\/FLL-avatar.png","width":500,"height":500},{"@type":"BreadcrumbList","@id":"https:\/\/fancyinfluagency.pl\/#breadcrumb","itemListElement":[{"@type":"ListItem","position":1,"name":"Strona g\u0142\u00f3wna","item":"https:\/\/fancyinfluagency.pl\/"},{"@type":"ListItem","position":2,"name":"MARKETING MAREK PREMIUM"}]},{"@type":"WebSite","@id":"https:\/\/fancyinfluagency.pl\/#website","url":"https:\/\/fancyinfluagency.pl\/","name":"FANCY AGENCY","description":"marketing marek premium","publisher":{"@id":"https:\/\/fancyinfluagency.pl\/#organization"},"potentialAction":[{"@type":"SearchAction","target":{"@type":"EntryPoint","urlTemplate":"https:\/\/fancyinfluagency.pl\/?s={search_term_string}"},"query-input":{"@type":"PropertyValueSpecification","valueRequired":true,"valueName":"search_term_string"}}],"inLanguage":"pl-PL"},{"@type":"Organization","@id":"https:\/\/fancyinfluagency.pl\/#organization","name":"FANCY AGENCY","url":"https:\/\/fancyinfluagency.pl\/","logo":{"@type":"ImageObject","inLanguage":"pl-PL","@id":"https:\/\/fancyinfluagency.pl\/#\/schema\/logo\/image\/","url":"https:\/\/fancyinfluagency.pl\/wp-content\/uploads\/2025\/12\/cropped-cropped-Fancy-logo-4.png","contentUrl":"https:\/\/fancyinfluagency.pl\/wp-content\/uploads\/2025\/12\/cropped-cropped-Fancy-logo-4.png","width":330,"height":112,"caption":"FANCY AGENCY"},"image":{"@id":"https:\/\/fancyinfluagency.pl\/#\/schema\/logo\/image\/"}}]}},"_links":{"self":[{"href":"https:\/\/fancyinfluagency.pl\/index.php?rest_route=\/wp\/v2\/pages\/1079","targetHints":{"allow":["GET"]}}],"collection":[{"href":"https:\/\/fancyinfluagency.pl\/index.php?rest_route=\/wp\/v2\/pages"}],"about":[{"href":"https:\/\/fancyinfluagency.pl\/index.php?rest_route=\/wp\/v2\/types\/page"}],"author":[{"embeddable":true,"href":"https:\/\/fancyinfluagency.pl\/index.php?rest_route=\/wp\/v2\/users\/1"}],"replies":[{"embeddable":true,"href":"https:\/\/fancyinfluagency.pl\/index.php?rest_route=%2Fwp%2Fv2%2Fcomments&post=1079"}],"version-history":[{"count":70,"href":"https:\/\/fancyinfluagency.pl\/index.php?rest_route=\/wp\/v2\/pages\/1079\/revisions"}],"predecessor-version":[{"id":1343,"href":"https:\/\/fancyinfluagency.pl\/index.php?rest_route=\/wp\/v2\/pages\/1079\/revisions\/1343"}],"wp:featuredmedia":[{"embeddable":true,"href":"https:\/\/fancyinfluagency.pl\/index.php?rest_route=\/wp\/v2\/media\/1135"}],"wp:attachment":[{"href":"https:\/\/fancyinfluagency.pl\/index.php?rest_route=%2Fwp%2Fv2%2Fmedia&parent=1079"}],"curies":[{"name":"wp","href":"https:\/\/api.w.org\/{rel}","templated":true}]}}